{"id":63,"date":"2024-05-21T12:16:33","date_gmt":"2024-05-21T12:16:33","guid":{"rendered":"https:\/\/dalethadvisors.com\/?page_id=63"},"modified":"2024-10-09T11:31:22","modified_gmt":"2024-10-09T11:31:22","slug":"about-us","status":"publish","type":"page","link":"https:\/\/dalethadvisors.com\/fr\/about-us\/","title":{"rendered":"\u00c0 propos de nous"},"content":{"rendered":"<div data-elementor-type=\"wp-page\" data-elementor-id=\"63\" class=\"elementor elementor-63\" data-elementor-post-type=\"page\">\n\t\t\t\t<div class=\"elementor-element elementor-element-39b6bee e-flex e-con-boxed elementor-invisible e-con e-parent\" data-id=\"39b6bee\" data-element_type=\"container\" data-e-type=\"container\" data-settings=\"{&quot;animation&quot;:&quot;fadeIn&quot;}\">\n\t\t\t\t\t<div class=\"e-con-inner\">\n\t\t<div class=\"elementor-element elementor-element-c5bf549 e-con-full e-flex e-con e-child\" data-id=\"c5bf549\" data-element_type=\"container\" data-e-type=\"container\">\n\t\t\t\t<div class=\"elementor-element elementor-element-2b2be7a elementor-widget elementor-widget-heading\" data-id=\"2b2be7a\" data-element_type=\"widget\" data-e-type=\"widget\" data-widget_type=\"heading.default\">\n\t\t\t\t<div class=\"elementor-widget-container\">\n\t\t\t\t\t<h1 class=\"elementor-heading-title elementor-size-default\">\u00c0 propos de nous<\/h1>\t\t\t\t<\/div>\n\t\t\t\t<\/div>\n\t\t\t\t<div class=\"elementor-element elementor-element-98aebee elementor-widget elementor-widget-text-editor\" data-id=\"98aebee\" data-element_type=\"widget\" data-e-type=\"widget\" data-widget_type=\"text-editor.default\">\n\t\t\t\t<div class=\"elementor-widget-container\">\n\t\t\t\t\t\t\t\t\t<p>L'ADN de Daleth Advisors est fondamentalement la culture de travail, de d\u00e9vouement et d'excellence. Avec une compr\u00e9hension approfondie des march\u00e9s europ\u00e9ens et am\u00e9ricains, notre mission est claire : fournir \u00e0 nos clients les conseils, les solutions op\u00e9rationnelles et l'optimisation financi\u00e8re dont ils ont besoin pour r\u00e9ussir leurs projets.<\/p><p>Notre \u00e9quipe apporte une expertise en analyse financi\u00e8re et en conseil immobilier, pleinement engage avec chaque client. Apprenez-en plus sur notre parcours et notre d\u00e9vouement \u00e0 votre succ\u00e8s.<\/p>\t\t\t\t\t\t\t\t<\/div>\n\t\t\t\t<\/div>\n\t\t\t\t<\/div>\n\t\t<div class=\"elementor-element elementor-element-2b2e4f4 e-con-full e-flex e-con e-child\" data-id=\"2b2e4f4\" data-element_type=\"container\" data-e-type=\"container\">\n\t\t\t\t<div class=\"elementor-element elementor-element-921879a elementor-widget elementor-widget-image\" data-id=\"921879a\" data-element_type=\"widget\" data-e-type=\"widget\" data-widget_type=\"image.default\">\n\t\t\t\t<div class=\"elementor-widget-container\">\n\t\t\t\t\t\t\t\t\t\t\t\t\t\t\t<img fetchpriority=\"high\" decoding=\"async\" width=\"1920\" height=\"1080\" src=\"https:\/\/dalethadvisors.com\/wp-content\/uploads\/2024\/05\/about-us.webp\" class=\"attachment-large size-large wp-image-126\" alt=\"about us\" srcset=\"https:\/\/dalethadvisors.com\/wp-content\/uploads\/2024\/05\/about-us.webp 1920w, https:\/\/dalethadvisors.com\/wp-content\/uploads\/2024\/05\/about-us-768x432.webp 768w, https:\/\/dalethadvisors.com\/wp-content\/uploads\/2024\/05\/about-us-1536x864.webp 1536w, https:\/\/dalethadvisors.com\/wp-content\/uploads\/2024\/05\/about-us-18x10.webp 18w\" sizes=\"(max-width: 1920px) 100vw, 1920px\" \/>\t\t\t\t\t\t\t\t\t\t\t\t\t\t\t<\/div>\n\t\t\t\t<\/div>\n\t\t\t\t<\/div>\n\t\t\t\t\t<\/div>\n\t\t\t\t<\/div>\n\t\t<div class=\"elementor-element elementor-element-3017430 e-flex e-con-boxed elementor-invisible e-con e-parent\" data-id=\"3017430\" data-element_type=\"container\" data-e-type=\"container\" data-settings=\"{&quot;animation&quot;:&quot;fadeIn&quot;}\">\n\t\t\t\t\t<div class=\"e-con-inner\">\n\t\t<div class=\"elementor-element elementor-element-a111e59 e-flex e-con-boxed e-con e-child\" data-id=\"a111e59\" data-element_type=\"container\" data-e-type=\"container\" data-settings=\"{&quot;background_background&quot;:&quot;classic&quot;}\">\n\t\t\t\t\t<div class=\"e-con-inner\">\n\t\t\t\t<div class=\"elementor-element elementor-element-962d418 elementor-widget elementor-widget-heading\" data-id=\"962d418\" data-element_type=\"widget\" data-e-type=\"widget\" data-widget_type=\"heading.default\">\n\t\t\t\t<div class=\"elementor-widget-container\">\n\t\t\t\t\t<h2 class=\"elementor-heading-title elementor-size-default\">Daleth Advisors : Une Entreprise \u00e0 Taille Humaine<\/h2>\t\t\t\t<\/div>\n\t\t\t\t<\/div>\n\t\t\t\t<div class=\"elementor-element elementor-element-ec51b8c elementor-widget elementor-widget-text-editor\" data-id=\"ec51b8c\" data-element_type=\"widget\" data-e-type=\"widget\" data-widget_type=\"text-editor.default\">\n\t\t\t\t<div class=\"elementor-widget-container\">\n\t\t\t\t\t\t\t\t\t<p>Daleth Advisors se distingue en tant qu'entreprise \u00e0 taille humaine, o\u00f9 l'accent est mis sur le service personnalis\u00e9 et de qualit\u00e9. Contrairement aux grandes entreprises, Daleth Advisors privil\u00e9gie la construction de relations \u00e9troites avec les clients, en comprenant leurs besoins uniques et en fournissant des solutions sur mesure. Cette approche favorise une totale transparence, avec un soutien complet du client lors de son investissement \u00e0 nos c\u00f4t\u00e9s.<\/p><p>De plus, la disponibilit\u00e9 de notre \u00e9quipe de gestion assure la r\u00e9activit\u00e9 et disponibilit\u00e9 attendues par nos investisseurs, renfor\u00e7ant ainsi la confiance dans les services de Daleth Advisors. Cette approche centr\u00e9e sur l'humain am\u00e9liore non seulement l'exp\u00e9rience client, mais nous diff\u00e9rencie de nos concurrents, en \u00e9tablissant l'entreprise comme un conseiller de confiance dans le paysage tr\u00e8s concurrentiel du conseil.<\/p>\t\t\t\t\t\t\t\t<\/div>\n\t\t\t\t<\/div>\n\t\t\t\t\t<\/div>\n\t\t\t\t<\/div>\n\t\t\t\t\t<\/div>\n\t\t\t\t<\/div>\n\t\t<div class=\"elementor-element elementor-element-c6d80c4 e-flex e-con-boxed e-con e-parent\" data-id=\"c6d80c4\" data-element_type=\"container\" data-e-type=\"container\">\n\t\t\t\t\t<div class=\"e-con-inner\">\n\t\t\t\t<div class=\"elementor-element elementor-element-c5b080e elementor-widget elementor-widget-heading\" data-id=\"c5b080e\" data-element_type=\"widget\" data-e-type=\"widget\" data-widget_type=\"heading.default\">\n\t\t\t\t<div class=\"elementor-widget-container\">\n\t\t\t\t\t<h2 class=\"elementor-heading-title elementor-size-default\">Notre expertise locale <\/h2>\t\t\t\t<\/div>\n\t\t\t\t<\/div>\n\t\t\t\t\t<\/div>\n\t\t\t\t<\/div>\n\t\t<div class=\"elementor-element elementor-element-c0df441 e-flex e-con-boxed e-con e-parent\" data-id=\"c0df441\" data-element_type=\"container\" data-e-type=\"container\">\n\t\t\t\t\t<div class=\"e-con-inner\">\n\t\t\t\t<div class=\"elementor-element elementor-element-569ac7e elementor-widget__width-initial elementor-widget-mobile__width-inherit elementor-widget elementor-widget-image\" data-id=\"569ac7e\" data-element_type=\"widget\" data-e-type=\"widget\" data-widget_type=\"image.default\">\n\t\t\t\t<div class=\"elementor-widget-container\">\n\t\t\t\t\t\t\t\t\t\t\t\t\t\t\t<img decoding=\"async\" width=\"966\" height=\"966\" src=\"https:\/\/dalethadvisors.com\/wp-content\/uploads\/2024\/10\/invest.jpg\" class=\"attachment-large size-large wp-image-483\" alt=\"invest\" srcset=\"https:\/\/dalethadvisors.com\/wp-content\/uploads\/2024\/10\/invest.jpg 966w, https:\/\/dalethadvisors.com\/wp-content\/uploads\/2024\/10\/invest-768x768.jpg 768w, https:\/\/dalethadvisors.com\/wp-content\/uploads\/2024\/10\/invest-12x12.jpg 12w\" sizes=\"(max-width: 966px) 100vw, 966px\" \/>\t\t\t\t\t\t\t\t\t\t\t\t\t\t\t<\/div>\n\t\t\t\t<\/div>\n\t\t<div class=\"elementor-element elementor-element-d8c7453 e-con-full e-flex e-con e-child\" data-id=\"d8c7453\" data-element_type=\"container\" data-e-type=\"container\">\n\t\t\t\t<div class=\"elementor-element elementor-element-056c16c elementor-widget elementor-widget-heading\" data-id=\"056c16c\" data-element_type=\"widget\" data-e-type=\"widget\" data-widget_type=\"heading.default\">\n\t\t\t\t<div class=\"elementor-widget-container\">\n\t\t\t\t\t<h3 class=\"elementor-heading-title elementor-size-default\">Investir en Floride : Une D\u00e9cision Strat\u00e9gique<\/h3>\t\t\t\t<\/div>\n\t\t\t\t<\/div>\n\t\t\t\t<div class=\"elementor-element elementor-element-1566acf elementor-widget elementor-widget-text-editor\" data-id=\"1566acf\" data-element_type=\"widget\" data-e-type=\"widget\" data-widget_type=\"text-editor.default\">\n\t\t\t\t<div class=\"elementor-widget-container\">\n\t\t\t\t\t\t\t\t\t<p>Le march\u00e9 immobilier en Floride, en particulier dans les comt\u00e9s de Miami-Dade et de Broward, continue de surpasser les tendances nationales, faisant de cette r\u00e9gion l'une des destinations d'investissement les plus pris\u00e9es. Miami a r\u00e9cemment \u00e9t\u00e9 class\u00e9e num\u00e9ro 1 en termes d'appr\u00e9ciation des prix de l'immobilier, avec une augmentation de 48,5 % des ventes de condos pour les propri\u00e9t\u00e9s \u00e9valu\u00e9es \u00e0 1 million de dollars et plus. De plus, le sud de la Floride est devenu une destination cl\u00e9 pour les m\u00e9nages \u00e0 hauts revenus, consolidant sa position comme un p\u00f4le d\u2019attraction pour la migration des foyers ais\u00e9s en 2024, selon les derni\u00e8res donn\u00e9es de l'IRS sur les d\u00e9placements des m\u00e9nages gagnant 200 000 dollars ou plus par an.<\/p>\t\t\t\t\t\t\t\t<\/div>\n\t\t\t\t<\/div>\n\t\t\t\t<\/div>\n\t\t\t\t\t<\/div>\n\t\t\t\t<\/div>\n\t\t<div class=\"elementor-element elementor-element-dbf1450 e-flex e-con-boxed e-con e-parent\" data-id=\"dbf1450\" data-element_type=\"container\" data-e-type=\"container\">\n\t\t\t\t\t<div class=\"e-con-inner\">\n\t\t<div class=\"elementor-element elementor-element-9781853 e-con-full e-flex e-con e-child\" data-id=\"9781853\" data-element_type=\"container\" data-e-type=\"container\">\n\t\t\t\t<div class=\"elementor-element elementor-element-c6269b0 elementor-widget elementor-widget-heading\" data-id=\"c6269b0\" data-element_type=\"widget\" data-e-type=\"widget\" data-widget_type=\"heading.default\">\n\t\t\t\t<div class=\"elementor-widget-container\">\n\t\t\t\t\t<h3 class=\"elementor-heading-title elementor-size-default\">\u00c0 propos de la r\u00e9gion : L'attrait g\u00e9ographique de Miami<\/h3>\t\t\t\t<\/div>\n\t\t\t\t<\/div>\n\t\t\t\t<div class=\"elementor-element elementor-element-ab002bf elementor-widget elementor-widget-text-editor\" data-id=\"ab002bf\" data-element_type=\"widget\" data-e-type=\"widget\" data-widget_type=\"text-editor.default\">\n\t\t\t\t<div class=\"elementor-widget-container\">\n\t\t\t\t\t\t\t\t\t<p>Le comt\u00e9 de Miami-Dade, le comt\u00e9 le plus m\u00e9ridional de Floride, est reconnu pour sa culture vibrante, ses communaut\u00e9s diverses et ses centres urbains dynamiques. Au nord se trouve le comt\u00e9 de Broward, avec un m\u00e9lange de quartiers urbains et suburbains, tandis que le comt\u00e9 de Palm Beach s'\u00e9tend encore plus au nord, offrant un cadre de vie c\u00f4tier luxueux et des paysages pittoresques. Ensemble, ces comt\u00e9s forment la r\u00e9gion m\u00e9tropolitaine de Miami, la septi\u00e8me plus grande aux \u00c9tats-Unis et un centre mondial. L'attrait g\u00e9ographique et culturel de la r\u00e9gion attire une large gamme d'acheteurs et d'investisseurs, des jeunes professionnels aux acheteurs internationaux \u00e0 la recherche de r\u00e9sidences secondaires ou de vacances.<\/p><p>Cette r\u00e9gion ne se r\u00e9sume pas \u00e0 un mode de vie \u2013 c\u2019est aussi une v\u00e9ritable ar\u00e8ne immobili\u00e8re dynamique. Les prix des condos \u00e0 Miami ont augment\u00e9 de 123,7 % au cours des 10 derni\u00e8res ann\u00e9es, avec un prix m\u00e9dian atteignant maintenant 424 950 $ en juillet 2024. Les prix des maisons individuelles ont \u00e9galement fortement augment\u00e9, progressant de 161,2 % au cours de la derni\u00e8re d\u00e9cennie, atteignant un prix m\u00e9dian de 670 000 $. Les gains en capital immobilier \u00e0 Miami sont presque deux fois sup\u00e9rieurs \u00e0 la moyenne nationale, renfor\u00e7ant encore davantage sa force en tant que march\u00e9 d\u2019investissement \u00e0 long terme.<\/p>\t\t\t\t\t\t\t\t<\/div>\n\t\t\t\t<\/div>\n\t\t\t\t<\/div>\n\t\t\t\t<div class=\"elementor-element elementor-element-d0e95f1 elementor-widget__width-initial elementor-widget-mobile__width-inherit elementor-widget elementor-widget-image\" data-id=\"d0e95f1\" data-element_type=\"widget\" data-e-type=\"widget\" data-widget_type=\"image.default\">\n\t\t\t\t<div class=\"elementor-widget-container\">\n\t\t\t\t\t\t\t\t\t\t\t\t\t\t\t<img decoding=\"async\" width=\"1920\" height=\"1080\" src=\"https:\/\/dalethadvisors.com\/wp-content\/uploads\/2024\/06\/3.webp\" class=\"attachment-large size-large wp-image-290\" alt=\"\" srcset=\"https:\/\/dalethadvisors.com\/wp-content\/uploads\/2024\/06\/3.webp 1920w, https:\/\/dalethadvisors.com\/wp-content\/uploads\/2024\/06\/3-768x432.webp 768w, https:\/\/dalethadvisors.com\/wp-content\/uploads\/2024\/06\/3-1536x864.webp 1536w, https:\/\/dalethadvisors.com\/wp-content\/uploads\/2024\/06\/3-18x10.webp 18w\" sizes=\"(max-width: 1920px) 100vw, 1920px\" \/>\t\t\t\t\t\t\t\t\t\t\t\t\t\t\t<\/div>\n\t\t\t\t<\/div>\n\t\t\t\t\t<\/div>\n\t\t\t\t<\/div>\n\t\t<div class=\"elementor-element elementor-element-a18dc9f e-flex e-con-boxed e-con e-parent\" data-id=\"a18dc9f\" data-element_type=\"container\" data-e-type=\"container\">\n\t\t\t\t\t<div class=\"e-con-inner\">\n\t\t\t\t<div class=\"elementor-element elementor-element-cd489b3 elementor-widget__width-initial elementor-widget-mobile__width-inherit elementor-widget elementor-widget-image\" data-id=\"cd489b3\" data-element_type=\"widget\" data-e-type=\"widget\" data-widget_type=\"image.default\">\n\t\t\t\t<div class=\"elementor-widget-container\">\n\t\t\t\t\t\t\t\t\t\t\t\t\t\t\t<img loading=\"lazy\" decoding=\"async\" width=\"1688\" height=\"1125\" src=\"https:\/\/dalethadvisors.com\/wp-content\/uploads\/2024\/10\/accueil-telephonique-immobilier.webp\" class=\"attachment-large size-large wp-image-472\" alt=\"conseils client\" srcset=\"https:\/\/dalethadvisors.com\/wp-content\/uploads\/2024\/10\/accueil-telephonique-immobilier.webp 1688w, https:\/\/dalethadvisors.com\/wp-content\/uploads\/2024\/10\/accueil-telephonique-immobilier-768x512.webp 768w, https:\/\/dalethadvisors.com\/wp-content\/uploads\/2024\/10\/accueil-telephonique-immobilier-1536x1024.webp 1536w, https:\/\/dalethadvisors.com\/wp-content\/uploads\/2024\/10\/accueil-telephonique-immobilier-18x12.webp 18w\" sizes=\"(max-width: 1688px) 100vw, 1688px\" \/>\t\t\t\t\t\t\t\t\t\t\t\t\t\t\t<\/div>\n\t\t\t\t<\/div>\n\t\t<div class=\"elementor-element elementor-element-f582253 e-con-full e-flex e-con e-child\" data-id=\"f582253\" data-element_type=\"container\" data-e-type=\"container\">\n\t\t\t\t<div class=\"elementor-element elementor-element-7f1ae68 elementor-widget elementor-widget-heading\" data-id=\"7f1ae68\" data-element_type=\"widget\" data-e-type=\"widget\" data-widget_type=\"heading.default\">\n\t\t\t\t<div class=\"elementor-widget-container\">\n\t\t\t\t\t<h3 class=\"elementor-heading-title elementor-size-default\">Daleth Advisors : Votre Guide pour Investir sur le March\u00e9 Floridien<\/h3>\t\t\t\t<\/div>\n\t\t\t\t<\/div>\n\t\t\t\t<div class=\"elementor-element elementor-element-fc97a4e elementor-widget elementor-widget-text-editor\" data-id=\"fc97a4e\" data-element_type=\"widget\" data-e-type=\"widget\" data-widget_type=\"text-editor.default\">\n\t\t\t\t<div class=\"elementor-widget-container\">\n\t\t\t\t\t\t\t\t\t<p>Chez Daleth Advisors, nous sommes particuli\u00e8rement bien plac\u00e9s pour aider les investisseurs \u00e0 tirer parti de ces tendances du march\u00e9. Notre connaissance approfondie de la croissance \u00e9conomique et d\u00e9mographique de Miami-Dade et de Broward, associ\u00e9e \u00e0 notre expertise en conseil d'acquisition, gestion de portefeuille et strat\u00e9gies de private equity immobilier, garantit que nos clients re\u00e7oivent les meilleurs conseils. Nous sommes fiers de proposer des solutions sur mesure qui maximisent les rendements tout en minimisant les risques, aidant ainsi nos clients \u00e0 naviguer dans la complexit\u00e9 de ce march\u00e9 hautement concurrentiel. Que vous soyez un acheteur local ou un investisseur international, notre \u00e9quipe chez Daleth Advisors est pr\u00eate \u00e0 vous aider \u00e0 prendre des d\u00e9cisions \u00e9clair\u00e9es et strat\u00e9giques qui m\u00e8nent au succ\u00e8s.<\/p>\t\t\t\t\t\t\t\t<\/div>\n\t\t\t\t<\/div>\n\t\t\t\t<\/div>\n\t\t\t\t\t<\/div>\n\t\t\t\t<\/div>\n\t\t\t\t<\/div>","protected":false},"excerpt":{"rendered":"<p>Daleth Advisors&#8217; DNA is rooted in a culture of work ethic, dedication, and excellence. With a strong understanding of European and American markets, our mission is clear: to provide our clients with the guidance, operational solutions, and financial optimization they need to succeed in their projects. Our team brings expertise in financial analysis and real [&hellip;]<\/p>\n","protected":false},"author":1,"featured_media":0,"parent":0,"menu_order":0,"comment_status":"closed","ping_status":"closed","template":"","meta":{"_seopress_robots_primary_cat":"","_seopress_titles_title":"","_seopress_titles_desc":"","_seopress_robots_index":"","footnotes":""},"class_list":["post-63","page","type-page","status-publish","hentry"],"_links":{"self":[{"href":"https:\/\/dalethadvisors.com\/fr\/wp-json\/wp\/v2\/pages\/63"}],"collection":[{"href":"https:\/\/dalethadvisors.com\/fr\/wp-json\/wp\/v2\/pages"}],"about":[{"href":"https:\/\/dalethadvisors.com\/fr\/wp-json\/wp\/v2\/types\/page"}],"author":[{"embeddable":true,"href":"https:\/\/dalethadvisors.com\/fr\/wp-json\/wp\/v2\/users\/1"}],"replies":[{"embeddable":true,"href":"https:\/\/dalethadvisors.com\/fr\/wp-json\/wp\/v2\/comments?post=63"}],"version-history":[{"count":37,"href":"https:\/\/dalethadvisors.com\/fr\/wp-json\/wp\/v2\/pages\/63\/revisions"}],"predecessor-version":[{"id":486,"href":"https:\/\/dalethadvisors.com\/fr\/wp-json\/wp\/v2\/pages\/63\/revisions\/486"}],"wp:attachment":[{"href":"https:\/\/dalethadvisors.com\/fr\/wp-json\/wp\/v2\/media?parent=63"}],"curies":[{"name":"wp","href":"https:\/\/api.w.org\/{rel}","templated":true}]}}