{"id":98,"date":"2024-05-21T12:48:14","date_gmt":"2024-05-21T12:48:14","guid":{"rendered":"https:\/\/dalethadvisors.com\/?page_id=98"},"modified":"2024-10-09T14:22:53","modified_gmt":"2024-10-09T14:22:53","slug":"resources","status":"publish","type":"page","link":"https:\/\/dalethadvisors.com\/fr\/resources\/","title":{"rendered":"Resources"},"content":{"rendered":"<div data-elementor-type=\"wp-page\" data-elementor-id=\"98\" class=\"elementor elementor-98\" data-elementor-post-type=\"page\">\n\t\t\t\t<div class=\"elementor-element elementor-element-90c6ea1 e-flex e-con-boxed elementor-invisible e-con e-parent\" data-id=\"90c6ea1\" data-element_type=\"container\" data-e-type=\"container\" data-settings=\"{&quot;animation&quot;:&quot;fadeIn&quot;}\">\n\t\t\t\t\t<div class=\"e-con-inner\">\n\t\t\t\t<div class=\"elementor-element elementor-element-479d0ef elementor-widget elementor-widget-heading\" data-id=\"479d0ef\" data-element_type=\"widget\" data-e-type=\"widget\" data-widget_type=\"heading.default\">\n\t\t\t\t<div class=\"elementor-widget-container\">\n\t\t\t\t\t<h1 class=\"elementor-heading-title elementor-size-default\">Resources<\/h1>\t\t\t\t<\/div>\n\t\t\t\t<\/div>\n\t\t\t\t<div class=\"elementor-element elementor-element-96c4185 elementor-widget elementor-widget-text-editor\" data-id=\"96c4185\" data-element_type=\"widget\" data-e-type=\"widget\" data-widget_type=\"text-editor.default\">\n\t\t\t\t<div class=\"elementor-widget-container\">\n\t\t\t\t\t\t\t\t\t<p>\u00c0 venir bient\u00f4t ! D\u00e9couvrez des ressources t\u00e9l\u00e9chargeables, des livres blancs, des guides et des mod\u00e8les pour soutenir vos efforts de planification financi\u00e8re et immobili\u00e8re.<\/p>\t\t\t\t\t\t\t\t<\/div>\n\t\t\t\t<\/div>\n\t\t\t\t\t<\/div>\n\t\t\t\t<\/div>\n\t\t<div class=\"elementor-element elementor-element-5748d7d e-flex e-con-boxed elementor-invisible e-con e-parent\" data-id=\"5748d7d\" data-element_type=\"container\" data-e-type=\"container\" data-settings=\"{&quot;animation&quot;:&quot;fadeIn&quot;}\">\n\t\t\t\t\t<div class=\"e-con-inner\">\n\t\t\t\t<div class=\"elementor-element elementor-element-ced01c0 elementor-widget elementor-widget-heading\" data-id=\"ced01c0\" data-element_type=\"widget\" data-e-type=\"widget\" data-widget_type=\"heading.default\">\n\t\t\t\t<div class=\"elementor-widget-container\">\n\t\t\t\t\t<h2 class=\"elementor-heading-title elementor-size-default\">\ud83c\udf1f How to Earn a Referral Commission \ud83c\udf1f<\/h2>\t\t\t\t<\/div>\n\t\t\t\t<\/div>\n\t\t\t\t<div class=\"elementor-element elementor-element-c0459eb elementor-widget elementor-widget-text-editor\" data-id=\"c0459eb\" data-element_type=\"widget\" data-e-type=\"widget\" data-widget_type=\"text-editor.default\">\n\t\t\t\t<div class=\"elementor-widget-container\">\n\t\t\t\t\t\t\t\t\t<p class=\"p1\">Earn UNLIMITTED CASH commissions through referrals! How? \ud83d\udcb8<\/p><h3 class=\"p1\">Share Our Services:<\/h3><hr \/><p>\u00a0<\/p><p class=\"p1\">Use your unique invite link to share our consulting services with your contacts. The more you share, the more you can earn:<\/p><p class=\"p1\">\ud83d\udcb5 <strong>0.5% commission<\/strong> for deals above $1,000,000.<\/p><p>\u00a0<\/p><h3 class=\"p1\">Bring Us an Off-Market Deal:<\/h3><hr \/><p class=\"p1\">If you come across any off-market real estate opportunities, refer them to us and earn a cash commission! \ud83c\udfe0<\/p><p>\u00a0<\/p><h3 class=\"p1\">\ud83c\udfe2 Asset Management Referral Fees \ud83c\udfe2<\/h3><hr \/><p>\u00a0<\/p><p class=\"p1\">Receive cash for each successful property referral! Here&#8217;s what you can earn:<\/p><p class=\"p1\">\ud83d\udcb5 <strong>$1,000<\/strong> for each 1-bedroom property referred. *<\/p><p class=\"p1\">\ud83d\udcb5 <strong>$2,000<\/strong> for each 2-bedroom property referred. *<\/p><p class=\"p1\">\ud83d\udcb5 <strong>$3,000<\/strong> for each 3-bedroom property referred. *<\/p><p>\u00a0<\/p><h2 class=\"p1\">\ud83c\udf81 Additional Incentives \ud83c\udf81<\/h2><hr \/><p>\u00a0<\/p><p class=\"p1\">\ud83c\udf89 <strong>Bonus Program<\/strong>: Earn additional bonuses for multiple successful referrals within a year.<\/p><p class=\"p1\">\ud83e\udd1d <strong>Networking Events<\/strong>: Receive exclusive invitations to our networking events, where you can connect with other top referrers and investors.<\/p>\t\t\t\t\t\t\t\t<\/div>\n\t\t\t\t<\/div>\n\t\t\t\t<div class=\"elementor-element elementor-element-349557f elementor-widget elementor-widget-text-editor\" data-id=\"349557f\" data-element_type=\"widget\" data-e-type=\"widget\" data-widget_type=\"text-editor.default\">\n\t\t\t\t<div class=\"elementor-widget-container\">\n\t\t\t\t\t\t\t\t\t<p>*Referral fees are paid when the owner requires Tenant and Property Management services, and after the first rent payment has been received. Other conditions may apply.<\/p>\t\t\t\t\t\t\t\t<\/div>\n\t\t\t\t<\/div>\n\t\t\t\t\t<\/div>\n\t\t\t\t<\/div>\n\t\t<div class=\"elementor-element elementor-element-040960c e-flex e-con-boxed elementor-invisible e-con e-parent\" data-id=\"040960c\" data-element_type=\"container\" data-e-type=\"container\" data-settings=\"{&quot;animation&quot;:&quot;fadeIn&quot;}\">\n\t\t\t\t\t<div class=\"e-con-inner\">\n\t\t\t\t<div class=\"elementor-element elementor-element-4b84c30 elementor-widget elementor-widget-heading\" data-id=\"4b84c30\" data-element_type=\"widget\" data-e-type=\"widget\" data-widget_type=\"heading.default\">\n\t\t\t\t<div class=\"elementor-widget-container\">\n\t\t\t\t\t<h2 class=\"elementor-heading-title elementor-size-default\">Partager un lien d'invitation<\/h2>\t\t\t\t<\/div>\n\t\t\t\t<\/div>\n\t\t\t\t<div class=\"elementor-element elementor-element-97c599b elementor-widget elementor-widget-shortcode\" data-id=\"97c599b\" data-element_type=\"widget\" data-e-type=\"widget\" data-widget_type=\"shortcode.default\">\n\t\t\t\t<div class=\"elementor-widget-container\">\n\t\t\t\t\t\t\t<div class=\"elementor-shortcode\"><a class=\"custom-share-icon elementor-icon elementor-social-icon elementor-social-icon-whatsapp\" href=\"https:\/\/api.whatsapp.com\/send?text=Salut%20%21%0A%0AJe%20voulais%20partager%20une%20excellente%20opportunit%C3%A9%20si%20tu%20t%27int%C3%A9resse%20%C3%A0%20l%27investissement%20en%20Floride.%20J%27ai%20utilis%C3%A9%20et%20je%20recommande%20leurs%20services%20de%20consulting%20immobilier%20et%20financier%2C%20adapt%C3%A9s%20aux%20investisseurs%20europ%C3%A9ens%20et%20am%C3%A9ricains.%0A%0ALeur%20%C3%A9quipe%20d%27experts%20s%27occupe%20de%20l%27ensemble%20du%20processus%20d%27investissement%2C%20le%20rendant%20facile%2C%20transparent%20et%20s%C3%A9curis%C3%A9.%0A%0AD%C3%A9couvre-les%20sur%20https%3A%2F%2Fdalethadvisors.com%2F%20%21%0A%0ACordialement.\" target=\"_blank\"><svg class=\"e-font-icon-svg e-fab-whatsapp\" viewbox=\"0 0 448 512\" xmlns=\"http:\/\/www.w3.org\/2000\/svg\"><path d=\"M380.9 97.1C339 55.1 283.2 32 223.9 32c-122.4 0-222 99.6-222 222 0 39.1 10.2 77.3 29.6 111L0 480l117.7-30.9c32.4 17.7 68.9 27 106.1 27h.1c122.3 0 224.1-99.6 224.1-222 0-59.3-25.2-115-67.1-157zm-157 341.6c-33.2 0-65.7-8.9-94-25.7l-6.7-4-69.8 18.3L72 359.2l-4.4-7c-18.5-29.4-28.2-63.3-28.2-98.2 0-101.7 82.8-184.5 184.6-184.5 49.3 0 95.6 19.2 130.4 54.1 34.8 34.9 56.2 81.2 56.1 130.5 0 101.8-84.9 184.6-186.6 184.6zm101.2-138.2c-5.5-2.8-32.8-16.2-37.9-18-5.1-1.9-8.8-2.8-12.5 2.8-3.7 5.6-14.3 18-17.6 21.8-3.2 3.7-6.5 4.2-12 1.4-32.6-16.3-54-29.1-75.5-66-5.7-9.8 5.7-9.1 16.3-30.3 1.8-3.7.9-6.9-.5-9.7-1.4-2.8-12.5-30.1-17.1-41.2-4.5-10.8-9.1-9.3-12.5-9.5-3.2-.2-6.9-.2-10.6-.2-3.7 0-9.7 1.4-14.8 6.9-5.1 5.6-19.4 19-19.4 46.3 0 27.3 19.9 53.7 22.6 57.4 2.8 3.7 39.1 59.7 94.8 83.8 35.2 15.2 49 16.5 66.6 13.9 10.7-1.6 32.8-13.4 37.4-26.4 4.6-13 4.6-24.1 3.2-26.4-1.3-2.5-5-3.9-10.5-6.6z\"><\/path><\/svg><\/a>\n<a class=\"custom-share-icon elementor-icon elementor-social-icon elementor-social-icon-email\" href=\"mailto:?subject=D%C3%A9couvre%20Daleth%20Advisors&body=Salut%20%21%0A%0AJe%20voulais%20partager%20une%20excellente%20opportunit%C3%A9%20si%20tu%20t%27int%C3%A9resse%20%C3%A0%20l%27investissement%20en%20Floride.%20J%27ai%20utilis%C3%A9%20et%20je%20recommande%20leurs%20services%20de%20consulting%20immobilier%20et%20financier%2C%20adapt%C3%A9s%20aux%20investisseurs%20europ%C3%A9ens%20et%20am%C3%A9ricains.%0A%0ALeur%20%C3%A9quipe%20d%27experts%20s%27occupe%20de%20l%27ensemble%20du%20processus%20d%27investissement%2C%20le%20rendant%20facile%2C%20transparent%20et%20s%C3%A9curis%C3%A9.%0A%0AD%C3%A9couvre-les%20sur%20https%3A%2F%2Fdalethadvisors.com%2F%20%21%0A%0ACordialement.\" target=\"_blank\"><svg class=\"e-font-icon-svg e-fas-envelope\" viewbox=\"0 0 512 512\" xmlns=\"http:\/\/www.w3.org\/2000\/svg\"><path d=\"M502.3 190.8c3.9-3.1 9.7-.2 9.7 4.7V400c0 26.5-21.5 48-48 48H48c-26.5 0-48-21.5-48-48V195.6c0-5 5.7-7.8 9.7-4.7 22.4 17.4 52.1 39.5 154.1 113.6 21.1 15.4 56.7 47.8 92.2 47.6 35.7.3 72-32.8 92.3-47.6 102-74.1 131.6-96.3 154-113.7zM256 320c23.2.4 56.6-29.2 73.4-41.4 132.7-96.3 142.8-104.7 173.4-128.7 5.8-4.5 9.2-11.5 9.2-18.9v-19c0-26.5-21.5-48-48-48H48C21.5 64 0 85.5 0 112v19c0 7.4 3.4 14.3 9.2 18.9 30.6 23.9 40.7 32.4 173.4 128.7 16.8 12.2 50.2 41.8 73.4 41.4z\"><\/path><\/svg><\/a>\n<a class=\"custom-share-icon elementor-icon elementor-social-icon elementor-social-icon-sms\" href=\"sms:?&body=Salut%20%21%0A%0AJe%20voulais%20partager%20une%20excellente%20opportunit%C3%A9%20si%20tu%20t%27int%C3%A9resse%20%C3%A0%20l%27investissement%20en%20Floride.%20J%27ai%20utilis%C3%A9%20et%20je%20recommande%20leurs%20services%20de%20consulting%20immobilier%20et%20financier%2C%20adapt%C3%A9s%20aux%20investisseurs%20europ%C3%A9ens%20et%20am%C3%A9ricains.%0A%0ALeur%20%C3%A9quipe%20d%27experts%20s%27occupe%20de%20l%27ensemble%20du%20processus%20d%27investissement%2C%20le%20rendant%20facile%2C%20transparent%20et%20s%C3%A9curis%C3%A9.%0A%0AD%C3%A9couvre-les%20sur%20https%3A%2F%2Fdalethadvisors.com%2F%20%21%0A%0ACordialement.\" target=\"_blank\"><svg class=\"e-font-icon-svg e-fas-comment\" viewbox=\"0 0 512 512\" xmlns=\"http:\/\/www.w3.org\/2000\/svg\"><path d=\"M256 32C114.6 32 0 125.1 0 240c0 49.6 21.4 95 57 130.7C44.5 421.1 2.7 466 2.2 466.5c-2.2 2.3-2.8 5.7-1.5 8.7S4.8 480 8 480c66.3 0 116-31.8 140.6-51.4 32.7 12.3 69 19.4 107.4 19.4 141.4 0 256-93.1 256-208S397.4 32 256 32z\"><\/path><\/svg><\/a>\n<\/div>\n\t\t\t\t\t\t<\/div>\n\t\t\t\t<\/div>\n\t\t\t\t\t<\/div>\n\t\t\t\t<\/div>\n\t\t\t\t<\/div>","protected":false},"excerpt":{"rendered":"<p>Coming soon! Explore downloadable resources, whitepapers, guides, and templates to support your financial planning and real estate endeavors. \ud83c\udf1f How to Earn a Referral Commission \ud83c\udf1f Earn UNLIMITTED CASH commissions through referrals! How? \ud83d\udcb8 Share Our Services: \u00a0 Use your unique invite link to share our consulting services with your contacts. The more you share, [&hellip;]<\/p>\n","protected":false},"author":1,"featured_media":0,"parent":0,"menu_order":0,"comment_status":"closed","ping_status":"closed","template":"","meta":{"_seopress_robots_primary_cat":"","_seopress_titles_title":"","_seopress_titles_desc":"","_seopress_robots_index":"","footnotes":""},"class_list":["post-98","page","type-page","status-publish","hentry"],"_links":{"self":[{"href":"https:\/\/dalethadvisors.com\/fr\/wp-json\/wp\/v2\/pages\/98"}],"collection":[{"href":"https:\/\/dalethadvisors.com\/fr\/wp-json\/wp\/v2\/pages"}],"about":[{"href":"https:\/\/dalethadvisors.com\/fr\/wp-json\/wp\/v2\/types\/page"}],"author":[{"embeddable":true,"href":"https:\/\/dalethadvisors.com\/fr\/wp-json\/wp\/v2\/users\/1"}],"replies":[{"embeddable":true,"href":"https:\/\/dalethadvisors.com\/fr\/wp-json\/wp\/v2\/comments?post=98"}],"version-history":[{"count":94,"href":"https:\/\/dalethadvisors.com\/fr\/wp-json\/wp\/v2\/pages\/98\/revisions"}],"predecessor-version":[{"id":540,"href":"https:\/\/dalethadvisors.com\/fr\/wp-json\/wp\/v2\/pages\/98\/revisions\/540"}],"wp:attachment":[{"href":"https:\/\/dalethadvisors.com\/fr\/wp-json\/wp\/v2\/media?parent=98"}],"curies":[{"name":"wp","href":"https:\/\/api.w.org\/{rel}","templated":true}]}}